{"id":21844,"date":"2021-10-05T16:41:48","date_gmt":"2021-10-05T09:41:48","guid":{"rendered":"https:\/\/techmaster.com.vn\/?page_id=21844"},"modified":"2022-03-07T16:11:02","modified_gmt":"2022-03-07T09:11:02","slug":"sound-vibration-calibration","status":"publish","type":"page","link":"https:\/\/techmaster.com.vn\/en\/sound-vibration-calibration\/","title":{"rendered":"SOUND VIBRATION CALIBRATION"},"content":{"rendered":" \t<div id=\"gap-123643181\" class=\"gap-element clearfix\" style=\"display:block; height:auto;\">\n\t\t\n<style>\n#gap-123643181 {\n  padding-top: 30px;\n}\n<\/style>\n\t<\/div>\n\t <div class=\"container section-title-container\" ><h1 class=\"section-title section-title-center\"><b><\/b><span class=\"section-title-main\" >SOUND VIBRATION CALIBRATION<\/span><b><\/b><\/h1><\/div> \t<section class=\"section home5\" id=\"section_281716480\">\n\t\t<div class=\"bg section-bg fill bg-fill  \" >\n\n\t\t\t\n\t\t\t\n\t\t\t\n\n\t\t<\/div>\n\n\t\t\n\n\t\t<div class=\"section-content relative\">\n\t\t\t <div class=\"row\"  id=\"row-1214129167\"> \n\t<div id=\"col-214802451\" class=\"col medium-6 small-12 large-6\"  >\n\t\t\t\t<div class=\"col-inner\"  >\n\t\t\t\n\t\t\t <div class=\"row\"  id=\"row-1969271499\"> \n\t<div id=\"col-266794372\" class=\"col small-12 large-12\"  >\n\t\t\t\t<div class=\"col-inner\"  >\n\t\t\t\n\t\t\t \t<div id=\"gap-680969175\" class=\"gap-element clearfix\" style=\"display:block; height:auto;\">\n\t\t\n<style>\n#gap-680969175 {\n  padding-top: 30px;\n}\n<\/style>\n\t<\/div>\n\t <div class=\"row row-full-width\"  id=\"row-1259379622\"> \n\t<div id=\"col-975887559\" class=\"col medium-7 small-12 large-7\"  >\n\t\t\t\t<div class=\"col-inner\"  >\n\t\t\t\n\t\t\t \t\t<\/div>\n\t\t\t\t\t<\/div>\n\n\t <\/div> \t\t<\/div>\n\t\t\t\t\t<\/div>\n\n\t <\/div> \t\t<\/div>\n\t\t\t\t\t<\/div>\n\n\t <\/div> \t\t<\/div>\n\n\t\t\n<style>\n#section_281716480 {\n  padding-top: 194px;\n  padding-bottom: 194px;\n}\n#section_281716480 .section-bg.bg-loaded {\n  background-image: url(https:\/\/techmaster.com.vn\/wp-content\/uploads\/2020\/12\/do-luong-am-rung.jpg);\n}\n#section_281716480 .ux-shape-divider--top svg {\n  height: 150px;\n  --divider-top-width: 100%;\n}\n#section_281716480 .ux-shape-divider--bottom svg {\n  height: 150px;\n  --divider-width: 100%;\n}\n<\/style>\n\t<\/section>\n\t \t<section class=\"section home1\" id=\"section_268001215\">\n\t\t<div class=\"bg section-bg fill bg-fill  bg-loaded\" >\n\n\t\t\t\n\t\t\t\n\t\t\t\n\n\t\t<\/div>\n\n\t\t\n\n\t\t<div class=\"section-content relative\">\n\t\t\t \t<div id=\"gap-981942581\" class=\"gap-element clearfix\" style=\"display:block; height:auto;\">\n\t\t\n<style>\n#gap-981942581 {\n  padding-top: 30px;\n}\n<\/style>\n\t<\/div>\n\t <div class=\"row\"  id=\"row-1548920830\"> \n\t<div id=\"col-199602881\" class=\"col small-12 large-12\"  >\n\t\t\t\t<div class=\"col-inner text-left\"  >\n\t\t\t\n\t\t\t\r\n<p>Our calibration solutions meet the broad variety of needs for calibration in the field of sound and vibration\u2013 accurate primary and secondary calibration of measuring equipment and the scope of transducers: accelerometers and microphones.<\/p>\r\n<p><span style=\"font-size: 130%;\"><span style=\"color: black;\">\u00a0<\/span><\/span><\/p>\r\n<h2 style=\"text-align: center;\"><span style=\"font-size: 130%;\"><strong>STANDARD UNITS<\/strong><\/span><\/h2>\r\n\t\t<\/div>\n\t\t\t\t\t<\/div>\n\n\t \n\t<div id=\"col-577405558\" class=\"col medium-6 small-12 large-6\"  >\n\t\t\t\t<div class=\"col-inner text-left\"  >\n\t\t\t\n\t\t\t \t<div id=\"text-2662365273\" class=\"text\">\n\t\t\r\n<div>\u00a0<\/div>\r\n<div>\u00a0<\/div>\r\n<div style=\"text-align: center;\">\r\n<h3 class=\"product-information__container__product-description__title\"><strong>SOUND LEVEL METER<\/strong><\/h3>\r\n<\/div>\r\n<div style=\"text-align: justify;\">Sound Level Meter (Class 1) with Low-Frequency sound (from 1 to 20 000 Hz) measurement.<\/div>\r\n<div>Sound level meters provide full support for the measurement process.<\/div>\r\n<div style=\"text-align: center;\">\u00a0<\/div>\r\n<div>\u00a0<\/div>\r\n<div>\u00a0<\/div>\r\n<div>\u00a0<\/div>\r\n\t\t\n<style>\n#text-2662365273 {\n  line-height: 2;\n}\n<\/style>\n\t<\/div>\n\t \t<div class=\"img has-hover x md-x lg-x y md-y lg-y\" id=\"image_396608211\">\n\t\t\t\t\t\t\t\t<div class=\"img-inner dark\" >\n\t\t\t<img loading=\"lazy\" decoding=\"async\" width=\"1020\" height=\"575\" src=\"https:\/\/techmaster.com.vn\/wp-content\/uploads\/2020\/12\/am-thanh-va-bo-khuech-dai.jpg\" class=\"attachment-large size-large\" alt=\"\u00c2m thanh v\u00e0 b\u1ed9 khu\u1ebfch \u0111\u1ea1i\" \/>\t\t\t\t\t\t\n\t\t\t\t\t<\/div>\n\t\t\t\t\t\t\t\t\n<style>\n#image_396608211 {\n  width: 100%;\n}\n<\/style>\n\t<\/div>\n\t \t<div id=\"text-2585866201\" class=\"text\">\n\t\t\r\n<div>\u00a0<\/div>\r\n<div>\u00a0<\/div>\r\n<div>\u00a0<\/div>\r\n<div>\u00a0<\/div>\r\n<h3 style=\"text-align: center;\"><strong>MEASURING AMPLIFIER<\/strong><\/h3>\r\n<div style=\"text-align: justify;\">For a wide range of high-precision acoustic measurements.<\/div>\r\n<div>\u00a0<\/div>\r\n<div style=\"text-align: center;\">\u00a0<\/div>\r\n<div>\u00a0<\/div>\r\n<div>\u00a0<\/div>\r\n\t\t\n<style>\n#text-2585866201 {\n  line-height: 2;\n}\n<\/style>\n\t<\/div>\n\t \t<div class=\"img has-hover x md-x lg-x y md-y lg-y\" id=\"image_1342743880\">\n\t\t\t\t\t\t\t\t<div class=\"img-inner dark\" >\n\t\t\t<img loading=\"lazy\" decoding=\"async\" width=\"1020\" height=\"575\" src=\"https:\/\/techmaster.com.vn\/wp-content\/uploads\/2020\/12\/cam-bien-rung.jpg\" class=\"attachment-large size-large\" alt=\"C\u1ea3m bi\u1ebfn rung\" \/>\t\t\t\t\t\t\n\t\t\t\t\t<\/div>\n\t\t\t\t\t\t\t\t\n<style>\n#image_1342743880 {\n  width: 100%;\n}\n<\/style>\n\t<\/div>\n\t \t\t<\/div>\n\t\t\t\t\t<\/div>\n\n\t \n\t<div id=\"col-466605598\" class=\"col medium-6 small-12 large-6\"  >\n\t\t\t\t<div class=\"col-inner\"  >\n\t\t\t\n\t\t\t \t<div class=\"img has-hover x md-x lg-x y md-y lg-y\" id=\"image_1703539289\">\n\t\t\t\t\t\t\t\t<div class=\"img-inner dark\" >\n\t\t\t<img loading=\"lazy\" decoding=\"async\" width=\"1020\" height=\"575\" src=\"https:\/\/techmaster.com.vn\/wp-content\/uploads\/2020\/12\/thiet-bi-do-do-on.jpg\" class=\"attachment-large size-large\" alt=\"Thi\u1ebft b\u1ecb \u0111o \u0111\u1ed9 \u1ed3n\" \/>\t\t\t\t\t\t\n\t\t\t\t\t<\/div>\n\t\t\t\t\t\t\t\t\n<style>\n#image_1703539289 {\n  width: 100%;\n}\n<\/style>\n\t<\/div>\n\t \t<div id=\"text-1068690288\" class=\"text\">\n\t\t\r\n<div>\u00a0<\/div>\r\n<div>\u00a0<\/div>\r\n<div>\u00a0<\/div>\r\n<div>\u00a0<\/div>\r\n<h3 style=\"text-align: center;\"><strong>SOUND LEVEL METER UNIT UN-14<\/strong><\/h3>\r\n<div style=\"text-align: justify;\">Build flexible measurement systems for simultaneous measurement of sound and vibration.<\/div>\r\n<div>* UN-14 and UV-15 (Vibraiton Meter Unit) can be linked in a measurement system with up to 16 channels.<\/div>\r\n<div>\u00a0<\/div>\r\n<div>\u00a0<\/div>\r\n<div style=\"text-align: center;\">\u00a0<\/div>\r\n\t\t\n<style>\n#text-1068690288 {\n  line-height: 2;\n}\n<\/style>\n\t<\/div>\n\t \t<div class=\"img has-hover x md-x lg-x y md-y lg-y\" id=\"image_540867834\">\n\t\t\t\t\t\t\t\t<div class=\"img-inner dark\" >\n\t\t\t<img loading=\"lazy\" decoding=\"async\" width=\"1020\" height=\"575\" src=\"https:\/\/techmaster.com.vn\/wp-content\/uploads\/2020\/12\/thiet-bi-do-phan-tich-rung-dong-1.jpg\" class=\"attachment-large size-large\" alt=\"Thi\u1ebft b\u1ecb \u0111o ph\u00e2n t\u00edch rung \u0111\u1ed9ng\" \/>\t\t\t\t\t\t\n\t\t\t\t\t<\/div>\n\t\t\t\t\t\t\t\t\n<style>\n#image_540867834 {\n  width: 100%;\n}\n<\/style>\n\t<\/div>\n\t \t<div id=\"text-2592499400\" class=\"text\">\n\t\t\r\n<div>\u00a0<\/div>\r\n<div>\u00a0<\/div>\r\n<div>\u00a0<\/div>\r\n<div style=\"text-align: center;\"><span style=\"font-size: 115%;\"><strong>VIBRATION LEVEL METERS<\/strong><\/span><\/div>\r\n<div style=\"text-align: justify;\">Measurement functions: Lv, Lveq, Lva, Lvaeq, Lmax, Lmin, time percentile vibration or vibration acceleration level.<\/div>\r\n<div>Measurement time: 10s, 1, 5, 10, 15, 30m, 1, 8, 24h and manual \u00a0(max to 24h)<\/div>\r\n<div>\u00a0<\/div>\r\n<div>\u00a0<\/div>\r\n<div style=\"text-align: center;\">\u00a0<\/div>\r\n\t\t\n<style>\n#text-2592499400 {\n  line-height: 2;\n}\n<\/style>\n\t<\/div>\n\t \t\t<\/div>\n\t\t\t\t\t<\/div>\n\n\t <\/div> \t\t<\/div>\n\n\t\t\n<style>\n#section_268001215 {\n  padding-top: 0px;\n  padding-bottom: 0px;\n}\n#section_268001215 .ux-shape-divider--top svg {\n  height: 150px;\n  --divider-top-width: 100%;\n}\n#section_268001215 .ux-shape-divider--bottom svg {\n  height: 150px;\n  --divider-width: 100%;\n}\n<\/style>\n\t<\/section>\n\t \t<section class=\"section hc1\" id=\"section_1361138832\">\n\t\t<div class=\"bg section-bg fill bg-fill  bg-loaded\" >\n\n\t\t\t\n\t\t\t\n\t\t\t\n\n\t\t<\/div>\n\n\t\t\n\n\t\t<div class=\"section-content relative\">\n\t\t\t <div class=\"row align-center row4\"  id=\"row-223109364\"> \n\t<div id=\"col-832629651\" class=\"col form medium-9 small-12 large-9\"  >\n\t\t\t\t<div class=\"col-inner\"  >\n\t\t\t\n\t\t\t\r\n<h3>Request a quotation<\/h3>\r\n\n<div class=\"wpcf7 no-js\" id=\"wpcf7-f5565-o1\" lang=\"vi\" dir=\"ltr\" data-wpcf7-id=\"5565\">\n<div class=\"screen-reader-response\"><p role=\"status\" aria-live=\"polite\" aria-atomic=\"true\"><\/p> <ul><\/ul><\/div>\n<form action=\"\/en\/wp-json\/wp\/v2\/pages\/21844#wpcf7-f5565-o1\" method=\"post\" class=\"wpcf7-form init\" aria-label=\"Form li\u00ean h\u1ec7\" enctype=\"multipart\/form-data\" novalidate=\"novalidate\" data-status=\"init\">\n<fieldset class=\"hidden-fields-container\"><input type=\"hidden\" name=\"_wpcf7\" value=\"5565\" \/><input type=\"hidden\" name=\"_wpcf7_version\" value=\"6.1.4\" \/><input type=\"hidden\" name=\"_wpcf7_locale\" value=\"vi\" \/><input type=\"hidden\" name=\"_wpcf7_unit_tag\" value=\"wpcf7-f5565-o1\" \/><input type=\"hidden\" name=\"_wpcf7_container_post\" value=\"0\" \/><input type=\"hidden\" name=\"_wpcf7_posted_data_hash\" value=\"\" \/>\n<\/fieldset>\n<!-- Dinhit_Begin_Contact_Form -->\n<div id=\"responsive-form\" class=\"clearfix\">\n\t<div class=\"form-row\">\n\t\t<div class=\"column-c1\">\n\t\t\t<p>COMPANY (*)\n\t\t\t<\/p>\n\t\t\t<p><span class=\"wpcf7-form-control-wrap\" data-name=\"company-1\"><input size=\"40\" maxlength=\"400\" class=\"wpcf7-form-control wpcf7-text wpcf7-validates-as-required form-company\" aria-required=\"true\" aria-invalid=\"false\" value=\"\" type=\"text\" name=\"company-1\" \/><\/span>\n\t\t\t<\/p>\n\t\t<\/div>\n\t\t<div class=\"column-c2\">\n\t\t\t<p>PROVINCE\n\t\t\t<\/p>\n\t\t\t<p><span class=\"wpcf7-form-control-wrap\" data-name=\"address-1\"><input size=\"40\" maxlength=\"400\" class=\"wpcf7-form-control wpcf7-text wpcf7-validates-as-required form-address\" aria-required=\"true\" aria-invalid=\"false\" value=\"\" type=\"text\" name=\"address-1\" \/><\/span>\n\t\t\t<\/p>\n\t\t<\/div>\n\t<\/div>\n\t<div class=\"form-row\">\n\t\t<div class=\"column-c1\">\n\t\t\t<p>NAME (*)\n\t\t\t<\/p>\n\t\t\t<p><span class=\"wpcf7-form-control-wrap\" data-name=\"name-1\"><input size=\"40\" maxlength=\"400\" class=\"wpcf7-form-control wpcf7-text wpcf7-validates-as-required form-name\" aria-required=\"true\" aria-invalid=\"false\" value=\"\" type=\"text\" name=\"name-1\" \/><\/span>\n\t\t\t<\/p>\n\t\t<\/div>\n\t\t<div class=\"column-c2\">\n\t\t\t<p>TITLE\n\t\t\t<\/p>\n\t\t\t<p><span class=\"wpcf7-form-control-wrap\" data-name=\"subject-1\"><input size=\"40\" maxlength=\"400\" class=\"wpcf7-form-control wpcf7-text wpcf7-validates-as-required form-subject\" aria-required=\"true\" aria-invalid=\"false\" value=\"\" type=\"text\" name=\"subject-1\" \/><\/span>\n\t\t\t<\/p>\n\t\t<\/div>\n\t<\/div>\n\t<div class=\"form-row\">\n\t\t<div class=\"column-c1\">\n\t\t\t<p>PHONE (*)\n\t\t\t<\/p>\n\t\t\t<p><span class=\"wpcf7-form-control-wrap\" data-name=\"tel-1\"><input size=\"40\" maxlength=\"400\" class=\"wpcf7-form-control wpcf7-text wpcf7-validates-as-required form-tel\" aria-required=\"true\" aria-invalid=\"false\" value=\"\" type=\"text\" name=\"tel-1\" \/><\/span>\n\t\t\t<\/p>\n\t\t<\/div>\n\t\t<div class=\"column-c2\">\n\t\t\t<p>MESSENGER\n\t\t\t<\/p>\n\t\t\t<p><span class=\"wpcf7-form-control-wrap\" data-name=\"message-1\"><textarea cols=\"40\" rows=\"10\" maxlength=\"2000\" class=\"wpcf7-form-control wpcf7-textarea wpcf7-validates-as-required form-message\" aria-required=\"true\" aria-invalid=\"false\" name=\"message-1\"><\/textarea><\/span>\n\t\t\t<\/p>\n\t\t<\/div>\n\t<\/div>\n\t<div class=\"form-row\">\n\t\t<div class=\"column-c1\">\n\t\t\t<p>EMAIL (*)\n\t\t\t<\/p>\n\t\t\t<p><span class=\"wpcf7-form-control-wrap\" data-name=\"email-1\"><input size=\"40\" maxlength=\"400\" class=\"wpcf7-form-control wpcf7-text wpcf7-validates-as-required form-email\" aria-required=\"true\" aria-invalid=\"false\" value=\"\" type=\"text\" name=\"email-1\" \/><\/span>\n\t\t\t<\/p>\n\t\t<\/div>\n\t\t<div class=\"column-c1\">\n\t\t\t<p>LIST OF EQUIPMENT NEED TO CALIBRATION\n\t\t\t<\/p>\n\t\t\t<p><span class=\"wpcf7-form-control-wrap\" data-name=\"file-1\"><input size=\"40\" class=\"wpcf7-form-control wpcf7-file form-file\" accept=\"audio\/*,video\/*,image\/*\" aria-invalid=\"false\" type=\"file\" name=\"file-1\" \/><\/span>\n\t\t\t<\/p>\n\t\t<\/div>\n\t<\/div>\n\t<div style=\"clear:both\">\n\t<\/div>\n\t<div class=\"form-row\">\n\t\t<div class=\"column-c1\">\n\t\t\t<p><input class=\"wpcf7-form-control wpcf7-submit has-spinner form-submit\" type=\"submit\" value=\"SEND\" \/>\n\t\t\t<\/p>\n\t\t<\/div>\n\t<\/div>\n\t<div class=\"col large-2 small-4 nopad nopadm\">\n\t\t<p>Enter code: <input type=\"hidden\" name=\"_wpcf7_captcha_challenge_captcha-170\" value=\"2436736929\" \/><img loading=\"lazy\" decoding=\"async\" class=\"wpcf7-form-control wpcf7-captchac wpcf7-captcha-captcha-170\" width=\"72\" height=\"24\" alt=\"captcha\" src=\"https:\/\/techmaster.com.vn\/wp-content\/uploads\/wpcf7_captcha\/2436736929.png\" \/><br \/>\n<span class=\"wpcf7-form-control-wrap\" data-name=\"captcha-170\"><input size=\"4\" maxlength=\"4\" class=\"wpcf7-form-control wpcf7-captchar\" autocomplete=\"off\" aria-invalid=\"false\" value=\"\" type=\"text\" name=\"captcha-170\" \/><\/span>\n\t\t<\/p>\n\t<\/div>\n<\/div>\n<!-- Dinhit_End_Contact_Form --><div class=\"wpcf7-response-output\" aria-hidden=\"true\"><\/div>\n<\/form>\n<\/div>\n \t\t<\/div>\n\t\t\t\t\t<\/div>\n\n\t <\/div> \t\t<\/div>\n\n\t\t\n<style>\n#section_1361138832 {\n  padding-top: 0px;\n  padding-bottom: 0px;\n}\n#section_1361138832 .ux-shape-divider--top svg {\n  height: 150px;\n  --divider-top-width: 100%;\n}\n#section_1361138832 .ux-shape-divider--bottom svg {\n  height: 150px;\n  --divider-width: 100%;\n}\n<\/style>\n\t<\/section>\n\t \t<section class=\"section home2\" id=\"section_1484433653\">\n\t\t<div class=\"bg section-bg fill bg-fill  bg-loaded\" >\n\n\t\t\t\n\t\t\t\n\t\t\t\n\n\t\t<\/div>\n\n\t\t\n\n\t\t<div class=\"section-content relative\">\n\t\t\t \t<div id=\"gap-692194925\" class=\"gap-element clearfix\" style=\"display:block; height:auto;\">\n\t\t\n<style>\n#gap-692194925 {\n  padding-top: 30px;\n}\n<\/style>\n\t<\/div>\n\t \t\t<\/div>\n\n\t\t\n<style>\n#section_1484433653 {\n  padding-top: 0px;\n  padding-bottom: 0px;\n}\n#section_1484433653 .ux-shape-divider--top svg {\n  height: 150px;\n  --divider-top-width: 100%;\n}\n#section_1484433653 .ux-shape-divider--bottom svg {\n  height: 150px;\n  --divider-width: 100%;\n}\n<\/style>\n\t<\/section>\n\t \t<section class=\"section home3\" id=\"section_1822075029\">\n\t\t<div class=\"bg section-bg fill bg-fill  bg-loaded\" >\n\n\t\t\t\n\t\t\t\n\t\t\t\n\n\t\t<\/div>\n\n\t\t\n\n\t\t<div class=\"section-content relative\">\n\t\t\t \t<div id=\"gap-473132031\" class=\"gap-element clearfix\" style=\"display:block; height:auto;\">\n\t\t\n<style>\n#gap-473132031 {\n  padding-top: 30px;\n}\n<\/style>\n\t<\/div>\n\t \t\t<\/div>\n\n\t\t\n<style>\n#section_1822075029 {\n  padding-top: 0px;\n  padding-bottom: 0px;\n}\n#section_1822075029 .ux-shape-divider--top svg {\n  height: 150px;\n  --divider-top-width: 100%;\n}\n#section_1822075029 .ux-shape-divider--bottom svg {\n  height: 150px;\n  --divider-width: 100%;\n}\n<\/style>\n\t<\/section>\n\t \t<section class=\"section home4\" id=\"section_2083110635\">\n\t\t<div class=\"bg section-bg fill bg-fill  bg-loaded\" >\n\n\t\t\t\n\t\t\t\n\t\t\t\n\n\t\t<\/div>\n\n\t\t\n\n\t\t<div class=\"section-content relative\">\n\t\t\t \t<div id=\"gap-1322333755\" class=\"gap-element clearfix\" style=\"display:block; height:auto;\">\n\t\t\n<style>\n#gap-1322333755 {\n  padding-top: 30px;\n}\n<\/style>\n\t<\/div>\n\t \t\t<\/div>\n\n\t\t\n<style>\n#section_2083110635 {\n  padding-top: 0px;\n  padding-bottom: 0px;\n}\n#section_2083110635 .ux-shape-divider--top svg {\n  height: 150px;\n  --divider-top-width: 100%;\n}\n#section_2083110635 .ux-shape-divider--bottom svg {\n  height: 150px;\n  --divider-width: 100%;\n}\n<\/style>\n\t<\/section>\n\t ","protected":false},"excerpt":{"rendered":"","protected":false},"author":4,"featured_media":0,"parent":0,"menu_order":0,"comment_status":"closed","ping_status":"closed","template":"page-blank.php","meta":{"footnotes":""},"class_list":["post-21844","page","type-page","status-publish","hentry"],"yoast_head":"<!-- This site is optimized with the Yoast SEO Premium plugin v26.8 (Yoast SEO v26.8) - https:\/\/yoast.com\/product\/yoast-seo-premium-wordpress\/ -->\n<title>SOUND VIBRATION CALIBRATION - Techmaster Electronics JSC<\/title>\n<meta name=\"description\" content=\"Our calibration solutions meet the broad variety of needs for calibration in the field of sound and vibration\u2013 accurate primary and secondary calibration of\" \/>\n<meta name=\"robots\" content=\"index, follow, max-snippet:-1, max-image-preview:large, max-video-preview:-1\" \/>\n<link rel=\"canonical\" href=\"https:\/\/techmaster.com.vn\/en\/sound-vibration-calibration\/\" \/>\n<meta property=\"og:locale\" content=\"en_US\" \/>\n<meta property=\"og:type\" content=\"article\" \/>\n<meta property=\"og:title\" content=\"SOUND VIBRATION CALIBRATION\" \/>\n<meta property=\"og:description\" content=\"Our calibration solutions meet the broad variety of needs for calibration in the field of sound and vibration\u2013 accurate primary and secondary calibration of\" \/>\n<meta property=\"og:url\" content=\"https:\/\/techmaster.com.vn\/en\/sound-vibration-calibration\/\" \/>\n<meta property=\"og:site_name\" content=\"Techmaster Electronics JSC\" \/>\n<meta property=\"article:publisher\" content=\"https:\/\/www.facebook.com\/techmaster.electronics.jsc\" \/>\n<meta property=\"article:modified_time\" content=\"2022-03-07T09:11:02+00:00\" \/>\n<meta name=\"twitter:card\" content=\"summary_large_image\" \/>\n<meta name=\"twitter:site\" content=\"@techmastervn\" \/>\n<meta name=\"twitter:label1\" content=\"Est. reading time\" \/>\n\t<meta name=\"twitter:data1\" content=\"2 minutes\" \/>\n<script type=\"application\/ld+json\" class=\"yoast-schema-graph\">{\"@context\":\"https:\/\/schema.org\",\"@graph\":[{\"@type\":\"WebPage\",\"@id\":\"https:\/\/techmaster.com.vn\/en\/sound-vibration-calibration\/\",\"url\":\"https:\/\/techmaster.com.vn\/en\/sound-vibration-calibration\/\",\"name\":\"SOUND VIBRATION CALIBRATION - Techmaster Electronics JSC\",\"isPartOf\":{\"@id\":\"https:\/\/techmaster.com.vn\/en\/#website\"},\"datePublished\":\"2021-10-05T09:41:48+00:00\",\"dateModified\":\"2022-03-07T09:11:02+00:00\",\"description\":\"Our calibration solutions meet the broad variety of needs for calibration in the field of sound and vibration\u2013 accurate primary and secondary calibration of\",\"breadcrumb\":{\"@id\":\"https:\/\/techmaster.com.vn\/en\/sound-vibration-calibration\/#breadcrumb\"},\"inLanguage\":\"en-US\",\"potentialAction\":[{\"@type\":\"ReadAction\",\"target\":[\"https:\/\/techmaster.com.vn\/en\/sound-vibration-calibration\/\"]}]},{\"@type\":\"BreadcrumbList\",\"@id\":\"https:\/\/techmaster.com.vn\/en\/sound-vibration-calibration\/#breadcrumb\",\"itemListElement\":[{\"@type\":\"ListItem\",\"position\":1,\"name\":\"Trang ch\u1ee7\",\"item\":\"https:\/\/techmaster.com.vn\/en\/\"},{\"@type\":\"ListItem\",\"position\":2,\"name\":\"SOUND VIBRATION CALIBRATION\"}]},{\"@type\":\"WebSite\",\"@id\":\"https:\/\/techmaster.com.vn\/en\/#website\",\"url\":\"https:\/\/techmaster.com.vn\/en\/\",\"name\":\"Techmaster Electronics JSC\",\"description\":\"\",\"publisher\":{\"@id\":\"https:\/\/techmaster.com.vn\/en\/#organization\"},\"potentialAction\":[{\"@type\":\"SearchAction\",\"target\":{\"@type\":\"EntryPoint\",\"urlTemplate\":\"https:\/\/techmaster.com.vn\/en\/?s={search_term_string}\"},\"query-input\":{\"@type\":\"PropertyValueSpecification\",\"valueRequired\":true,\"valueName\":\"search_term_string\"}}],\"inLanguage\":\"en-US\"},{\"@type\":[\"Organization\",\"Place\"],\"@id\":\"https:\/\/techmaster.com.vn\/en\/#organization\",\"name\":\"Techmaster Electronics JSC\",\"url\":\"https:\/\/techmaster.com.vn\/en\/\",\"logo\":{\"@id\":\"https:\/\/techmaster.com.vn\/en\/sound-vibration-calibration\/#local-main-organization-logo\"},\"image\":{\"@id\":\"https:\/\/techmaster.com.vn\/en\/sound-vibration-calibration\/#local-main-organization-logo\"},\"sameAs\":[\"https:\/\/www.facebook.com\/techmaster.electronics.jsc\",\"https:\/\/x.com\/techmastervn\",\"https:\/\/www.instagram.com\/techmastervietnam\",\"https:\/\/myspace.com\/techmastervietnam\",\"https:\/\/www.youtube.com\/c\/TechmasterElectronicsJSC\",\"https:\/\/www.pinterest.com\/techmasterelectronicsjsc\/\",\"https:\/\/vi.wikipedia.org\/wiki\/Th\u00e0nh_vi\u00ean:Techmastervietnam\",\"https:\/\/twitter.com\/techmastervn\",\"https:\/\/www.linkedin.com\/company\/techmaster-vietnam\/\"],\"telephone\":[],\"contactPoint\":{\"@type\":\"ContactPoint\",\"email\":\"marketing@techmaster.com.vn\"},\"openingHoursSpecification\":[{\"@type\":\"OpeningHoursSpecification\",\"dayOfWeek\":[\"Monday\",\"Tuesday\",\"Wednesday\",\"Thursday\",\"Friday\",\"Saturday\",\"Sunday\"],\"opens\":\"09:00\",\"closes\":\"17:00\"}],\"email\":\"marketing@techmaster.com.vn\",\"areaServed\":\"Vietnam\"},{\"@type\":\"ImageObject\",\"inLanguage\":\"en-US\",\"@id\":\"https:\/\/techmaster.com.vn\/en\/sound-vibration-calibration\/#local-main-organization-logo\",\"url\":\"https:\/\/techmaster.com.vn\/wp-content\/uploads\/2021\/04\/techmaster-logo-homepage.png\",\"contentUrl\":\"https:\/\/techmaster.com.vn\/wp-content\/uploads\/2021\/04\/techmaster-logo-homepage.png\",\"width\":335,\"height\":62,\"caption\":\"Techmaster Electronics JSC\"}]}<\/script>\n<!-- \/ Yoast SEO Premium plugin. -->","yoast_head_json":{"title":"SOUND VIBRATION CALIBRATION - Techmaster Electronics JSC","description":"Our calibration solutions meet the broad variety of needs for calibration in the field of sound and vibration\u2013 accurate primary and secondary calibration of","robots":{"index":"index","follow":"follow","max-snippet":"max-snippet:-1","max-image-preview":"max-image-preview:large","max-video-preview":"max-video-preview:-1"},"canonical":"https:\/\/techmaster.com.vn\/en\/sound-vibration-calibration\/","og_locale":"en_US","og_type":"article","og_title":"SOUND VIBRATION CALIBRATION","og_description":"Our calibration solutions meet the broad variety of needs for calibration in the field of sound and vibration\u2013 accurate primary and secondary calibration of","og_url":"https:\/\/techmaster.com.vn\/en\/sound-vibration-calibration\/","og_site_name":"Techmaster Electronics JSC","article_publisher":"https:\/\/www.facebook.com\/techmaster.electronics.jsc","article_modified_time":"2022-03-07T09:11:02+00:00","twitter_card":"summary_large_image","twitter_site":"@techmastervn","twitter_misc":{"Est. reading time":"2 minutes"},"schema":{"@context":"https:\/\/schema.org","@graph":[{"@type":"WebPage","@id":"https:\/\/techmaster.com.vn\/en\/sound-vibration-calibration\/","url":"https:\/\/techmaster.com.vn\/en\/sound-vibration-calibration\/","name":"SOUND VIBRATION CALIBRATION - Techmaster Electronics JSC","isPartOf":{"@id":"https:\/\/techmaster.com.vn\/en\/#website"},"datePublished":"2021-10-05T09:41:48+00:00","dateModified":"2022-03-07T09:11:02+00:00","description":"Our calibration solutions meet the broad variety of needs for calibration in the field of sound and vibration\u2013 accurate primary and secondary calibration of","breadcrumb":{"@id":"https:\/\/techmaster.com.vn\/en\/sound-vibration-calibration\/#breadcrumb"},"inLanguage":"en-US","potentialAction":[{"@type":"ReadAction","target":["https:\/\/techmaster.com.vn\/en\/sound-vibration-calibration\/"]}]},{"@type":"BreadcrumbList","@id":"https:\/\/techmaster.com.vn\/en\/sound-vibration-calibration\/#breadcrumb","itemListElement":[{"@type":"ListItem","position":1,"name":"Trang ch\u1ee7","item":"https:\/\/techmaster.com.vn\/en\/"},{"@type":"ListItem","position":2,"name":"SOUND VIBRATION CALIBRATION"}]},{"@type":"WebSite","@id":"https:\/\/techmaster.com.vn\/en\/#website","url":"https:\/\/techmaster.com.vn\/en\/","name":"Techmaster Electronics JSC","description":"","publisher":{"@id":"https:\/\/techmaster.com.vn\/en\/#organization"},"potentialAction":[{"@type":"SearchAction","target":{"@type":"EntryPoint","urlTemplate":"https:\/\/techmaster.com.vn\/en\/?s={search_term_string}"},"query-input":{"@type":"PropertyValueSpecification","valueRequired":true,"valueName":"search_term_string"}}],"inLanguage":"en-US"},{"@type":["Organization","Place"],"@id":"https:\/\/techmaster.com.vn\/en\/#organization","name":"Techmaster Electronics JSC","url":"https:\/\/techmaster.com.vn\/en\/","logo":{"@id":"https:\/\/techmaster.com.vn\/en\/sound-vibration-calibration\/#local-main-organization-logo"},"image":{"@id":"https:\/\/techmaster.com.vn\/en\/sound-vibration-calibration\/#local-main-organization-logo"},"sameAs":["https:\/\/www.facebook.com\/techmaster.electronics.jsc","https:\/\/x.com\/techmastervn","https:\/\/www.instagram.com\/techmastervietnam","https:\/\/myspace.com\/techmastervietnam","https:\/\/www.youtube.com\/c\/TechmasterElectronicsJSC","https:\/\/www.pinterest.com\/techmasterelectronicsjsc\/","https:\/\/vi.wikipedia.org\/wiki\/Th\u00e0nh_vi\u00ean:Techmastervietnam","https:\/\/twitter.com\/techmastervn","https:\/\/www.linkedin.com\/company\/techmaster-vietnam\/"],"telephone":[],"contactPoint":{"@type":"ContactPoint","email":"marketing@techmaster.com.vn"},"openingHoursSpecification":[{"@type":"OpeningHoursSpecification","dayOfWeek":["Monday","Tuesday","Wednesday","Thursday","Friday","Saturday","Sunday"],"opens":"09:00","closes":"17:00"}],"email":"marketing@techmaster.com.vn","areaServed":"Vietnam"},{"@type":"ImageObject","inLanguage":"en-US","@id":"https:\/\/techmaster.com.vn\/en\/sound-vibration-calibration\/#local-main-organization-logo","url":"https:\/\/techmaster.com.vn\/wp-content\/uploads\/2021\/04\/techmaster-logo-homepage.png","contentUrl":"https:\/\/techmaster.com.vn\/wp-content\/uploads\/2021\/04\/techmaster-logo-homepage.png","width":335,"height":62,"caption":"Techmaster Electronics JSC"}]}},"_links":{"self":[{"href":"https:\/\/techmaster.com.vn\/en\/wp-json\/wp\/v2\/pages\/21844","targetHints":{"allow":["GET"]}}],"collection":[{"href":"https:\/\/techmaster.com.vn\/en\/wp-json\/wp\/v2\/pages"}],"about":[{"href":"https:\/\/techmaster.com.vn\/en\/wp-json\/wp\/v2\/types\/page"}],"author":[{"embeddable":true,"href":"https:\/\/techmaster.com.vn\/en\/wp-json\/wp\/v2\/users\/4"}],"replies":[{"embeddable":true,"href":"https:\/\/techmaster.com.vn\/en\/wp-json\/wp\/v2\/comments?post=21844"}],"version-history":[{"count":0,"href":"https:\/\/techmaster.com.vn\/en\/wp-json\/wp\/v2\/pages\/21844\/revisions"}],"wp:attachment":[{"href":"https:\/\/techmaster.com.vn\/en\/wp-json\/wp\/v2\/media?parent=21844"}],"curies":[{"name":"wp","href":"https:\/\/api.w.org\/{rel}","templated":true}]}}