{"id":108096,"date":"2024-05-28T09:42:30","date_gmt":"2024-05-28T02:42:30","guid":{"rendered":"https:\/\/techmaster.com.vn\/may-do-dien-tro-cach-dien-fluke-1537\/"},"modified":"2024-05-29T11:04:16","modified_gmt":"2024-05-29T04:04:16","slug":"may-do-dien-tro-cach-dien-fluke-1537","status":"publish","type":"page","link":"https:\/\/techmaster.com.vn\/en\/may-do-dien-tro-cach-dien-fluke-1537\/","title":{"rendered":"M\u00e1y \u0111o \u0111i\u1ec7n tr\u1edf c\u00e1ch \u0111i\u1ec7n Fluke 1537"},"content":{"rendered":"\t<section class=\"section\" id=\"section_215008513\">\n\t\t<div class=\"bg section-bg fill bg-fill  bg-loaded\" >\n\n\t\t\t\n\t\t\t\n\t\t\t\n\n\t\t<\/div>\n\n\t\t\n\n\t\t<div class=\"section-content relative\">\n\t\t\t\n\t<div id=\"gap-1603007224\" class=\"gap-element clearfix\" style=\"display:block; height:auto;\">\n\t\t\n<style>\n#gap-1603007224 {\n  padding-top: 30px;\n}\n<\/style>\n\t<\/div>\n\t\n<div class=\"row\"  id=\"row-1560790916\">\n\n\t<div id=\"col-1806375246\" class=\"col medium-12 small-12 large-9\"  data-animate=\"fadeInLeft\">\n\t\t\t\t<div class=\"col-inner box-shadow-5 dark\" style=\"background-color:rgb(234, 199, 68);\" data-parallax-fade=\"true\" data-parallax=\"1\">\n\t\t\t\n\t\t\t\n\t<div id=\"gap-1798262507\" class=\"gap-element clearfix\" style=\"display:block; height:auto;\">\n\t\t\n<style>\n#gap-1798262507 {\n  padding-top: 10px;\n}\n<\/style>\n\t<\/div>\n\t\n\t<div id=\"text-2559621621\" class=\"text\">\n\t\t\n<h2>Insulation Tester<br \/>Fluke 1537<\/h2>\n\t\t\n<style>\n#text-2559621621 {\n  font-size: 2.5rem;\n  line-height: 1.1;\n  text-align: left;\n  color: rgb(0,0,0);\n}\n#text-2559621621 > * {\n  color: rgb(0,0,0);\n}\n@media (min-width:550px) {\n  #text-2559621621 {\n    font-size: 1.75rem;\n  }\n}\n<\/style>\n\t<\/div>\n\t\n\t<div id=\"text-1805738787\" class=\"text\">\n\t\t\n<p>Perform quick and accurate insulation resistance testing with advanced features including linear voltage, polarization index, dielectric absorption ratio, and insulation breakdown testing.<\/p>\n<ul>\n<li>Automatically calculate polarization index (PI) and dielectric absorption ratio (DAR)<\/li>\n<li>Conduct digital insulation testing with analog bar graph display<\/li>\n<li>Automatically calculate insulation breakdown (DD)\n<\/li>\n<\/ul>\n\t\t\n<style>\n#text-1805738787 {\n  font-size: 1.2rem;\n  color: rgb(0,0,0);\n}\n#text-1805738787 > * {\n  color: rgb(0,0,0);\n}\n<\/style>\n\t<\/div>\n\t\n\t<div id=\"text-4081727705\" class=\"text\">\n\t\t\n<p><strong>Applications:<\/strong><\/p>\n<ul>\n<li>Combiner boxes<\/li>\n<li>Inverter boxes<\/li>\n<\/ul>\n\t\t\n<style>\n#text-4081727705 {\n  font-size: 1.2rem;\n  color: rgb(0,0,0);\n}\n#text-4081727705 > * {\n  color: rgb(0,0,0);\n}\n<\/style>\n\t<\/div>\n\t\n\t\t<\/div>\n\t\t\t\t\n<style>\n#col-1806375246 > .col-inner {\n  padding: 10% 10% 15% 10%;\n  border-radius: 69px;\n}\n@media (min-width:550px) {\n  #col-1806375246 > .col-inner {\n    padding: 10% 10% 12% 10%;\n  }\n}\n@media (min-width:850px) {\n  #col-1806375246 > .col-inner {\n    padding: 7% 0% 12% 7%;\n  }\n}\n<\/style>\n\t<\/div>\n\n\t\n<\/div>\n<div class=\"row align-right\"  id=\"row-1465731911\">\n\n\t<div id=\"col-1216597977\" class=\"col medium-12 small-12 large-6\"  >\n\t\t\t\t<div class=\"col-inner\"  >\n\t\t\t\n\t\t\t\n\n  <div class=\"banner has-hover\" id=\"banner-276610961\">\n          <div class=\"banner-inner fill\">\n        <div class=\"banner-bg fill\" >\n            <div class=\"bg fill bg-fill \"><\/div>\n                                    \n                    <\/div>\n\t\t\n        <div class=\"banner-layers container\">\n            <div class=\"fill banner-link\"><\/div>            \n   <div id=\"text-box-1275729941\" class=\"text-box banner-layer x50 md-x50 lg-x50 y50 md-y50 lg-y50 res-text\">\n                                <div class=\"text-box-content text dark\">\n              \n              <div class=\"text-inner text-center\">\n                  \n              <\/div>\n           <\/div>\n                            \n<style>\n#text-box-1275729941 {\n  width: 60%;\n}\n#text-box-1275729941 .text-box-content {\n  font-size: 100%;\n}\n<\/style>\n    <\/div>\n \n        <\/div>\n      <\/div>\n\n            \n<style>\n#banner-276610961 {\n  padding-top: 400px;\n  background-color: rgba(255, 255, 255, 0);\n}\n#banner-276610961 .bg.bg-loaded {\n  background-image: url(https:\/\/techmaster.com.vn\/wp-content\/uploads\/2024\/05\/fluke-1537.png);\n}\n#banner-276610961 .bg {\n  background-position: 29% 17%;\n}\n#banner-276610961 .ux-shape-divider--top svg {\n  height: 150px;\n  --divider-top-width: 100%;\n}\n#banner-276610961 .ux-shape-divider--bottom svg {\n  height: 150px;\n  --divider-width: 100%;\n}\n@media (min-width:550px) {\n  #banner-276610961 {\n    padding-top: 500px;\n  }\n}\n@media (min-width:850px) {\n  #banner-276610961 {\n    padding-top: 90%;\n  }\n}\n<\/style>\n  <\/div>\n\n\n\t\t<\/div>\n\t\t\t\t\n<style>\n#col-1216597977 > .col-inner {\n  margin: -60px 0px 0px 0px;\n}\n@media (min-width:850px) {\n  #col-1216597977 > .col-inner {\n    margin: -500px 0px 0px -42px;\n  }\n}\n<\/style>\n\t<\/div>\n\n\t\n<\/div>\n\t\t<\/div>\n\n\t\t\n<style>\n#section_215008513 {\n  padding-top: 30px;\n  padding-bottom: 30px;\n}\n#section_215008513 .ux-shape-divider--top svg {\n  height: 150px;\n  --divider-top-width: 100%;\n}\n#section_215008513 .ux-shape-divider--bottom svg {\n  height: 150px;\n  --divider-width: 100%;\n}\n<\/style>\n\t<\/section>\n\t\n","protected":false},"excerpt":{"rendered":"","protected":false},"author":27,"featured_media":0,"parent":0,"menu_order":0,"comment_status":"closed","ping_status":"closed","template":"page-blank.php","meta":{"footnotes":""},"class_list":["post-108096","page","type-page","status-publish","hentry"],"yoast_head":"<!-- This site is optimized with the Yoast SEO Premium plugin v26.8 (Yoast SEO v26.8) - https:\/\/yoast.com\/product\/yoast-seo-premium-wordpress\/ -->\n<title>M\u00e1y \u0111o \u0111i\u1ec7n tr\u1edf c\u00e1ch \u0111i\u1ec7n Fluke 1537 - Techmaster Electronics JSC<\/title>\n<meta name=\"robots\" content=\"index, follow, max-snippet:-1, max-image-preview:large, max-video-preview:-1\" \/>\n<link rel=\"canonical\" href=\"https:\/\/techmaster.com.vn\/en\/may-do-dien-tro-cach-dien-fluke-1537\/\" \/>\n<meta property=\"og:locale\" content=\"en_US\" \/>\n<meta property=\"og:type\" content=\"article\" \/>\n<meta property=\"og:title\" content=\"M\u00e1y \u0111o \u0111i\u1ec7n tr\u1edf c\u00e1ch \u0111i\u1ec7n Fluke 1537\" \/>\n<meta property=\"og:url\" content=\"https:\/\/techmaster.com.vn\/en\/may-do-dien-tro-cach-dien-fluke-1537\/\" \/>\n<meta property=\"og:site_name\" content=\"Techmaster Electronics JSC\" \/>\n<meta property=\"article:publisher\" content=\"https:\/\/www.facebook.com\/techmaster.electronics.jsc\" \/>\n<meta property=\"article:modified_time\" content=\"2024-05-29T04:04:16+00:00\" \/>\n<meta name=\"twitter:card\" content=\"summary_large_image\" \/>\n<meta name=\"twitter:site\" content=\"@techmastervn\" \/>\n<meta name=\"twitter:label1\" content=\"Est. reading time\" \/>\n\t<meta name=\"twitter:data1\" content=\"1 minute\" \/>\n<script type=\"application\/ld+json\" class=\"yoast-schema-graph\">{\"@context\":\"https:\/\/schema.org\",\"@graph\":[{\"@type\":\"WebPage\",\"@id\":\"https:\/\/techmaster.com.vn\/en\/may-do-dien-tro-cach-dien-fluke-1537\/\",\"url\":\"https:\/\/techmaster.com.vn\/en\/may-do-dien-tro-cach-dien-fluke-1537\/\",\"name\":\"M\u00e1y \u0111o \u0111i\u1ec7n tr\u1edf c\u00e1ch \u0111i\u1ec7n Fluke 1537 - Techmaster Electronics JSC\",\"isPartOf\":{\"@id\":\"https:\/\/techmaster.com.vn\/en\/#website\"},\"datePublished\":\"2024-05-28T02:42:30+00:00\",\"dateModified\":\"2024-05-29T04:04:16+00:00\",\"breadcrumb\":{\"@id\":\"https:\/\/techmaster.com.vn\/en\/may-do-dien-tro-cach-dien-fluke-1537\/#breadcrumb\"},\"inLanguage\":\"en-US\",\"potentialAction\":[{\"@type\":\"ReadAction\",\"target\":[\"https:\/\/techmaster.com.vn\/en\/may-do-dien-tro-cach-dien-fluke-1537\/\"]}]},{\"@type\":\"BreadcrumbList\",\"@id\":\"https:\/\/techmaster.com.vn\/en\/may-do-dien-tro-cach-dien-fluke-1537\/#breadcrumb\",\"itemListElement\":[{\"@type\":\"ListItem\",\"position\":1,\"name\":\"Trang ch\u1ee7\",\"item\":\"https:\/\/techmaster.com.vn\/en\/\"},{\"@type\":\"ListItem\",\"position\":2,\"name\":\"M\u00e1y \u0111o \u0111i\u1ec7n tr\u1edf c\u00e1ch \u0111i\u1ec7n Fluke 1537\"}]},{\"@type\":\"WebSite\",\"@id\":\"https:\/\/techmaster.com.vn\/en\/#website\",\"url\":\"https:\/\/techmaster.com.vn\/en\/\",\"name\":\"Techmaster Electronics JSC\",\"description\":\"\",\"publisher\":{\"@id\":\"https:\/\/techmaster.com.vn\/en\/#organization\"},\"potentialAction\":[{\"@type\":\"SearchAction\",\"target\":{\"@type\":\"EntryPoint\",\"urlTemplate\":\"https:\/\/techmaster.com.vn\/en\/?s={search_term_string}\"},\"query-input\":{\"@type\":\"PropertyValueSpecification\",\"valueRequired\":true,\"valueName\":\"search_term_string\"}}],\"inLanguage\":\"en-US\"},{\"@type\":[\"Organization\",\"Place\"],\"@id\":\"https:\/\/techmaster.com.vn\/en\/#organization\",\"name\":\"Techmaster Electronics JSC\",\"url\":\"https:\/\/techmaster.com.vn\/en\/\",\"logo\":{\"@id\":\"https:\/\/techmaster.com.vn\/en\/may-do-dien-tro-cach-dien-fluke-1537\/#local-main-organization-logo\"},\"image\":{\"@id\":\"https:\/\/techmaster.com.vn\/en\/may-do-dien-tro-cach-dien-fluke-1537\/#local-main-organization-logo\"},\"sameAs\":[\"https:\/\/www.facebook.com\/techmaster.electronics.jsc\",\"https:\/\/x.com\/techmastervn\",\"https:\/\/www.instagram.com\/techmastervietnam\",\"https:\/\/myspace.com\/techmastervietnam\",\"https:\/\/www.youtube.com\/c\/TechmasterElectronicsJSC\",\"https:\/\/www.pinterest.com\/techmasterelectronicsjsc\/\",\"https:\/\/vi.wikipedia.org\/wiki\/Th\u00e0nh_vi\u00ean:Techmastervietnam\",\"https:\/\/twitter.com\/techmastervn\",\"https:\/\/www.linkedin.com\/company\/techmaster-vietnam\/\"],\"telephone\":[],\"contactPoint\":{\"@type\":\"ContactPoint\",\"email\":\"marketing@techmaster.com.vn\"},\"openingHoursSpecification\":[{\"@type\":\"OpeningHoursSpecification\",\"dayOfWeek\":[\"Monday\",\"Tuesday\",\"Wednesday\",\"Thursday\",\"Friday\",\"Saturday\",\"Sunday\"],\"opens\":\"09:00\",\"closes\":\"17:00\"}],\"email\":\"marketing@techmaster.com.vn\",\"areaServed\":\"Vietnam\"},{\"@type\":\"ImageObject\",\"inLanguage\":\"en-US\",\"@id\":\"https:\/\/techmaster.com.vn\/en\/may-do-dien-tro-cach-dien-fluke-1537\/#local-main-organization-logo\",\"url\":\"https:\/\/techmaster.com.vn\/wp-content\/uploads\/2021\/04\/techmaster-logo-homepage.png\",\"contentUrl\":\"https:\/\/techmaster.com.vn\/wp-content\/uploads\/2021\/04\/techmaster-logo-homepage.png\",\"width\":335,\"height\":62,\"caption\":\"Techmaster Electronics JSC\"}]}<\/script>\n<!-- \/ Yoast SEO Premium plugin. -->","yoast_head_json":{"title":"M\u00e1y \u0111o \u0111i\u1ec7n tr\u1edf c\u00e1ch \u0111i\u1ec7n Fluke 1537 - Techmaster Electronics JSC","robots":{"index":"index","follow":"follow","max-snippet":"max-snippet:-1","max-image-preview":"max-image-preview:large","max-video-preview":"max-video-preview:-1"},"canonical":"https:\/\/techmaster.com.vn\/en\/may-do-dien-tro-cach-dien-fluke-1537\/","og_locale":"en_US","og_type":"article","og_title":"M\u00e1y \u0111o \u0111i\u1ec7n tr\u1edf c\u00e1ch \u0111i\u1ec7n Fluke 1537","og_url":"https:\/\/techmaster.com.vn\/en\/may-do-dien-tro-cach-dien-fluke-1537\/","og_site_name":"Techmaster Electronics JSC","article_publisher":"https:\/\/www.facebook.com\/techmaster.electronics.jsc","article_modified_time":"2024-05-29T04:04:16+00:00","twitter_card":"summary_large_image","twitter_site":"@techmastervn","twitter_misc":{"Est. reading time":"1 minute"},"schema":{"@context":"https:\/\/schema.org","@graph":[{"@type":"WebPage","@id":"https:\/\/techmaster.com.vn\/en\/may-do-dien-tro-cach-dien-fluke-1537\/","url":"https:\/\/techmaster.com.vn\/en\/may-do-dien-tro-cach-dien-fluke-1537\/","name":"M\u00e1y \u0111o \u0111i\u1ec7n tr\u1edf c\u00e1ch \u0111i\u1ec7n Fluke 1537 - Techmaster Electronics JSC","isPartOf":{"@id":"https:\/\/techmaster.com.vn\/en\/#website"},"datePublished":"2024-05-28T02:42:30+00:00","dateModified":"2024-05-29T04:04:16+00:00","breadcrumb":{"@id":"https:\/\/techmaster.com.vn\/en\/may-do-dien-tro-cach-dien-fluke-1537\/#breadcrumb"},"inLanguage":"en-US","potentialAction":[{"@type":"ReadAction","target":["https:\/\/techmaster.com.vn\/en\/may-do-dien-tro-cach-dien-fluke-1537\/"]}]},{"@type":"BreadcrumbList","@id":"https:\/\/techmaster.com.vn\/en\/may-do-dien-tro-cach-dien-fluke-1537\/#breadcrumb","itemListElement":[{"@type":"ListItem","position":1,"name":"Trang ch\u1ee7","item":"https:\/\/techmaster.com.vn\/en\/"},{"@type":"ListItem","position":2,"name":"M\u00e1y \u0111o \u0111i\u1ec7n tr\u1edf c\u00e1ch \u0111i\u1ec7n Fluke 1537"}]},{"@type":"WebSite","@id":"https:\/\/techmaster.com.vn\/en\/#website","url":"https:\/\/techmaster.com.vn\/en\/","name":"Techmaster Electronics JSC","description":"","publisher":{"@id":"https:\/\/techmaster.com.vn\/en\/#organization"},"potentialAction":[{"@type":"SearchAction","target":{"@type":"EntryPoint","urlTemplate":"https:\/\/techmaster.com.vn\/en\/?s={search_term_string}"},"query-input":{"@type":"PropertyValueSpecification","valueRequired":true,"valueName":"search_term_string"}}],"inLanguage":"en-US"},{"@type":["Organization","Place"],"@id":"https:\/\/techmaster.com.vn\/en\/#organization","name":"Techmaster Electronics JSC","url":"https:\/\/techmaster.com.vn\/en\/","logo":{"@id":"https:\/\/techmaster.com.vn\/en\/may-do-dien-tro-cach-dien-fluke-1537\/#local-main-organization-logo"},"image":{"@id":"https:\/\/techmaster.com.vn\/en\/may-do-dien-tro-cach-dien-fluke-1537\/#local-main-organization-logo"},"sameAs":["https:\/\/www.facebook.com\/techmaster.electronics.jsc","https:\/\/x.com\/techmastervn","https:\/\/www.instagram.com\/techmastervietnam","https:\/\/myspace.com\/techmastervietnam","https:\/\/www.youtube.com\/c\/TechmasterElectronicsJSC","https:\/\/www.pinterest.com\/techmasterelectronicsjsc\/","https:\/\/vi.wikipedia.org\/wiki\/Th\u00e0nh_vi\u00ean:Techmastervietnam","https:\/\/twitter.com\/techmastervn","https:\/\/www.linkedin.com\/company\/techmaster-vietnam\/"],"telephone":[],"contactPoint":{"@type":"ContactPoint","email":"marketing@techmaster.com.vn"},"openingHoursSpecification":[{"@type":"OpeningHoursSpecification","dayOfWeek":["Monday","Tuesday","Wednesday","Thursday","Friday","Saturday","Sunday"],"opens":"09:00","closes":"17:00"}],"email":"marketing@techmaster.com.vn","areaServed":"Vietnam"},{"@type":"ImageObject","inLanguage":"en-US","@id":"https:\/\/techmaster.com.vn\/en\/may-do-dien-tro-cach-dien-fluke-1537\/#local-main-organization-logo","url":"https:\/\/techmaster.com.vn\/wp-content\/uploads\/2021\/04\/techmaster-logo-homepage.png","contentUrl":"https:\/\/techmaster.com.vn\/wp-content\/uploads\/2021\/04\/techmaster-logo-homepage.png","width":335,"height":62,"caption":"Techmaster Electronics JSC"}]}},"_links":{"self":[{"href":"https:\/\/techmaster.com.vn\/en\/wp-json\/wp\/v2\/pages\/108096","targetHints":{"allow":["GET"]}}],"collection":[{"href":"https:\/\/techmaster.com.vn\/en\/wp-json\/wp\/v2\/pages"}],"about":[{"href":"https:\/\/techmaster.com.vn\/en\/wp-json\/wp\/v2\/types\/page"}],"author":[{"embeddable":true,"href":"https:\/\/techmaster.com.vn\/en\/wp-json\/wp\/v2\/users\/27"}],"replies":[{"embeddable":true,"href":"https:\/\/techmaster.com.vn\/en\/wp-json\/wp\/v2\/comments?post=108096"}],"version-history":[{"count":0,"href":"https:\/\/techmaster.com.vn\/en\/wp-json\/wp\/v2\/pages\/108096\/revisions"}],"wp:attachment":[{"href":"https:\/\/techmaster.com.vn\/en\/wp-json\/wp\/v2\/media?parent=108096"}],"curies":[{"name":"wp","href":"https:\/\/api.w.org\/{rel}","templated":true}]}}